{"id":2261,"date":"2013-01-18T01:12:13","date_gmt":"2013-01-18T00:12:13","guid":{"rendered":"http:\/\/hoppfull.nu\/?page_id=2261"},"modified":"2018-05-02T23:40:18","modified_gmt":"2018-05-02T21:40:18","slug":"siffror","status":"publish","type":"page","link":"http:\/\/hoppfull.nu\/index.php\/siffror\/","title":{"rendered":"Siffror"},"content":{"rendered":"<p><span style=\"font-size: 20px;\"><strong>Vikten:<\/strong><\/span><br \/>\n<table id=\"table_21271086\" width=\"100%\" class=\"display\"><thead><tr><th>Datum<\/th><th>Vikt<\/th><th>+\/-<\/th><th>Totalt<\/th><th>BMI<\/th><\/tr>\r\n    <\/thead>\r\n    <tbody>\r\n\t\r\n\t<script type=\"text\/javascript\" charset=\"utf-8\">\r\n jQuery(document).ready(function() {\r\n    jQuery('#table_21271086').DataTable( {\"destroy\": true,\"bPaginate\": false,\"bLengthChange\": false,\"bFilter\": false,\"bSort\": false,\"bInfo\": false,\"bStateSave\": true,\"bAutoWidth\": true,\"sPaginationType\": \"full_numbers\",\"oLanguage\": {\r\n\t\t\t\"sLengthMenu\": \"Display _MENU_ records per page\",\r\n\t\t\t\"sZeroRecords\": \"Nothing found - sorry\",\r\n\t\t\t\"sInfo\": \"Showing _START_ to _END_ of _TOTAL_ records\",\r\n\t\t\t\"sInfoEmpty\": \"Showing 0 to 0 of 0 records\",\r\n                        \"sSearch\": \"Search: \",\r\n\t\t\t\"sInfoFiltered\": \"(filtered from _MAX_ total records)\"\r\n\t\t}} );\r\n});\r\n <\/script><tr><td>18-04-24<\/td><td>90.4<\/td><td>-<\/td><td>-<\/td><td>32.41<\/td><\/tr><tr><td>18-02-01<\/td><td>88.4<\/td><td>-2<\/td><td>-2<\/td><td>31.7<\/td><\/tr>\r\n    <\/tbody>\r\n<\/table><\/p>\n<p><strong>Delm\u00e5l: <\/strong><\/p>\n<p>85\u00a0kg:<br \/>\n80\u00a0kg:<br \/>\n77.5\u00a0kg:<\/p>\n<p>75\u00a0kg:<br \/>\n72.5\u00a0kg:<br \/>\n70\u00a0kg:<\/p>\n<p>68 kg:<br \/>\n66.5 kg:<br \/>\n65 kg:<\/p>\n<p><strong>Slutm\u00e5l:<\/strong><\/p>\n<p>63-65 kg:<\/p>\n<p><span style=\"font-size: 20px;\"><strong>M\u00e5tten:<\/strong><\/span><br \/>\n<table id=\"table_35605702\" width=\"100%\" class=\"display\"><thead><tr><th>Datum<\/th><th>Byst<\/th><th>Midja<\/th><th>H\u00f6ft<\/th><th>\u00d6verarm<\/th><th>L\u00e5r<\/th><\/tr>\r\n    <\/thead>\r\n    <tbody>\r\n\t\r\n\t<script type=\"text\/javascript\" charset=\"utf-8\">\r\n jQuery(document).ready(function() {\r\n    jQuery('#table_35605702').DataTable( {\"destroy\": true,\"bPaginate\": false,\"bLengthChange\": false,\"bFilter\": false,\"bSort\": false,\"bInfo\": false,\"bStateSave\": true,\"bAutoWidth\": true,\"sPaginationType\": \"full_numbers\",\"oLanguage\": {\r\n\t\t\t\"sLengthMenu\": \"Display _MENU_ records per page\",\r\n\t\t\t\"sZeroRecords\": \"Nothing found - sorry\",\r\n\t\t\t\"sInfo\": \"Showing _START_ to _END_ of _TOTAL_ records\",\r\n\t\t\t\"sInfoEmpty\": \"Showing 0 to 0 of 0 records\",\r\n                        \"sSearch\": \"Search: \",\r\n\t\t\t\"sInfoFiltered\": \"(filtered from _MAX_ total records)\"\r\n\t\t}} );\r\n});\r\n <\/script><tr><td>18-04-29<\/td><td>116<\/td><td>105<\/td><td>124<\/td><td>36<\/td><td>64<\/td><\/tr><tr><td><\/td><td>-<\/td><td>-<\/td><td>-<\/td><td>-<\/td><td>-<\/td><\/tr>\r\n    <\/tbody>\r\n<\/table><\/p>\n<div class=\"sharedaddy sd-sharing-enabled\"><div class=\"robots-nocontent sd-block sd-social sd-social-icon sd-sharing\"><h3 class=\"sd-title\">Dela:<\/h3><div class=\"sd-content\"><ul><li class=\"share-twitter\"><a rel=\"nofollow noopener noreferrer\" data-shared=\"sharing-twitter-2261\" class=\"share-twitter sd-button share-icon no-text\" href=\"http:\/\/hoppfull.nu\/index.php\/siffror\/?share=twitter\" target=\"_blank\" title=\"Klicka f\u00f6r att dela p\u00e5 Twitter\"><span><\/span><span class=\"sharing-screen-reader-text\">Klicka f\u00f6r att dela p\u00e5 Twitter (\u00d6ppnas i ett nytt f\u00f6nster)<\/span><\/a><\/li><li class=\"share-print\"><a rel=\"nofollow noopener noreferrer\" data-shared=\"\" class=\"share-print sd-button share-icon no-text\" href=\"http:\/\/hoppfull.nu\/index.php\/siffror\/\" target=\"_blank\" title=\"Klicka f\u00f6r utskrift\"><span><\/span><span class=\"sharing-screen-reader-text\">Klicka f\u00f6r utskrift (\u00d6ppnas i ett nytt f\u00f6nster)<\/span><\/a><\/li><li class=\"share-pinterest\"><a rel=\"nofollow noopener noreferrer\" data-shared=\"sharing-pinterest-2261\" class=\"share-pinterest sd-button share-icon no-text\" href=\"http:\/\/hoppfull.nu\/index.php\/siffror\/?share=pinterest\" target=\"_blank\" title=\"Klicka f\u00f6r att dela till Pinterest\"><span><\/span><span class=\"sharing-screen-reader-text\">Klicka f\u00f6r att dela till Pinterest (\u00d6ppnas i ett nytt f\u00f6nster)<\/span><\/a><\/li><li class=\"share-end\"><\/li><\/ul><\/div><\/div><\/div>","protected":false},"excerpt":{"rendered":"<p class=\"excerpt\">Vikten: DatumVikt+\/-TotaltBMI 18-04-2490.4&#8211;32.4118-02-0188.4-2-231.7 Delm\u00e5l: 85\u00a0kg: 80\u00a0kg: 77.5\u00a0kg: 75\u00a0kg: 72.5\u00a0kg: 70\u00a0kg: 68 kg: 66.5 kg: 65 kg: Slutm\u00e5l: 63-65 kg: M\u00e5tten: DatumBystMidjaH\u00f6ft\u00d6verarmL\u00e5r 18-04-291161051243664&#8212;&#8211; <a href=\"http:\/\/hoppfull.nu\/index.php\/siffror\/\">Read more &rarr;<\/a><\/p>\n<div class=\"sharedaddy sd-sharing-enabled\"><div class=\"robots-nocontent sd-block sd-social sd-social-icon sd-sharing\"><h3 class=\"sd-title\">Dela:<\/h3><div class=\"sd-content\"><ul><li class=\"share-twitter\"><a rel=\"nofollow noopener noreferrer\" data-shared=\"sharing-twitter-2261\" class=\"share-twitter sd-button share-icon no-text\" href=\"http:\/\/hoppfull.nu\/index.php\/siffror\/?share=twitter\" target=\"_blank\" title=\"Klicka f\u00f6r att dela p\u00e5 Twitter\"><span><\/span><span class=\"sharing-screen-reader-text\">Klicka f\u00f6r att dela p\u00e5 Twitter (\u00d6ppnas i ett nytt f\u00f6nster)<\/span><\/a><\/li><li class=\"share-print\"><a rel=\"nofollow noopener noreferrer\" data-shared=\"\" class=\"share-print sd-button share-icon no-text\" href=\"http:\/\/hoppfull.nu\/index.php\/siffror\/\" target=\"_blank\" title=\"Klicka f\u00f6r utskrift\"><span><\/span><span class=\"sharing-screen-reader-text\">Klicka f\u00f6r utskrift (\u00d6ppnas i ett nytt f\u00f6nster)<\/span><\/a><\/li><li class=\"share-pinterest\"><a rel=\"nofollow noopener noreferrer\" data-shared=\"sharing-pinterest-2261\" class=\"share-pinterest sd-button share-icon no-text\" href=\"http:\/\/hoppfull.nu\/index.php\/siffror\/?share=pinterest\" target=\"_blank\" title=\"Klicka f\u00f6r att dela till Pinterest\"><span><\/span><span class=\"sharing-screen-reader-text\">Klicka f\u00f6r att dela till Pinterest (\u00d6ppnas i ett nytt f\u00f6nster)<\/span><\/a><\/li><li class=\"share-end\"><\/li><\/ul><\/div><\/div><\/div>","protected":false},"author":1,"featured_media":0,"parent":0,"menu_order":0,"comment_status":"open","ping_status":"open","template":"","meta":{"spay_email":""},"jetpack_sharing_enabled":true,"jetpack_shortlink":"https:\/\/wp.me\/P23rAr-At","jetpack-related-posts":[],"jetpack_likes_enabled":true,"_links":{"self":[{"href":"http:\/\/hoppfull.nu\/index.php\/wp-json\/wp\/v2\/pages\/2261"}],"collection":[{"href":"http:\/\/hoppfull.nu\/index.php\/wp-json\/wp\/v2\/pages"}],"about":[{"href":"http:\/\/hoppfull.nu\/index.php\/wp-json\/wp\/v2\/types\/page"}],"author":[{"embeddable":true,"href":"http:\/\/hoppfull.nu\/index.php\/wp-json\/wp\/v2\/users\/1"}],"replies":[{"embeddable":true,"href":"http:\/\/hoppfull.nu\/index.php\/wp-json\/wp\/v2\/comments?post=2261"}],"version-history":[{"count":41,"href":"http:\/\/hoppfull.nu\/index.php\/wp-json\/wp\/v2\/pages\/2261\/revisions"}],"predecessor-version":[{"id":5107,"href":"http:\/\/hoppfull.nu\/index.php\/wp-json\/wp\/v2\/pages\/2261\/revisions\/5107"}],"wp:attachment":[{"href":"http:\/\/hoppfull.nu\/index.php\/wp-json\/wp\/v2\/media?parent=2261"}],"curies":[{"name":"wp","href":"https:\/\/api.w.org\/{rel}","templated":true}]}}