{"id":2,"date":"2012-01-11T13:55:36","date_gmt":"2012-01-11T12:55:36","guid":{"rendered":"http:\/\/hoppfull.nu\/?page_id=2"},"modified":"2018-05-03T00:24:44","modified_gmt":"2018-05-02T22:24:44","slug":"om","status":"publish","type":"page","link":"http:\/\/hoppfull.nu\/index.php\/om\/","title":{"rendered":"Maria"},"content":{"rendered":"<p><a href=\"http:\/\/hoppfull.nu\/wp-content\/uploads\/2012\/01\/skidmia.jpg\"><img data-attachment-id=\"3571\" data-permalink=\"http:\/\/hoppfull.nu\/index.php\/om\/skidmia\/\" data-orig-file=\"http:\/\/hoppfull.nu\/wp-content\/uploads\/2012\/01\/skidmia.jpg\" data-orig-size=\"960,960\" data-comments-opened=\"1\" data-image-meta=\"{&quot;aperture&quot;:&quot;0&quot;,&quot;credit&quot;:&quot;&quot;,&quot;camera&quot;:&quot;&quot;,&quot;caption&quot;:&quot;&quot;,&quot;created_timestamp&quot;:&quot;0&quot;,&quot;copyright&quot;:&quot;&quot;,&quot;focal_length&quot;:&quot;0&quot;,&quot;iso&quot;:&quot;0&quot;,&quot;shutter_speed&quot;:&quot;0&quot;,&quot;title&quot;:&quot;&quot;,&quot;orientation&quot;:&quot;0&quot;}\" data-image-title=\"skidmia\" data-image-description=\"\" data-medium-file=\"http:\/\/hoppfull.nu\/wp-content\/uploads\/2012\/01\/skidmia-300x300.jpg\" data-large-file=\"http:\/\/hoppfull.nu\/wp-content\/uploads\/2012\/01\/skidmia-600x600.jpg\" loading=\"lazy\" class=\"alignleft size-medium wp-image-3571\" src=\"http:\/\/hoppfull.nu\/wp-content\/uploads\/2012\/01\/skidmia-300x300.jpg\" alt=\"skidmia\" width=\"300\" height=\"300\" srcset=\"http:\/\/hoppfull.nu\/wp-content\/uploads\/2012\/01\/skidmia-300x300.jpg 300w, http:\/\/hoppfull.nu\/wp-content\/uploads\/2012\/01\/skidmia-290x290.jpg 290w, http:\/\/hoppfull.nu\/wp-content\/uploads\/2012\/01\/skidmia-600x600.jpg 600w, http:\/\/hoppfull.nu\/wp-content\/uploads\/2012\/01\/skidmia.jpg 960w\" sizes=\"(max-width: 300px) 100vw, 300px\" \/><\/a><strong>Korta fakta:<\/strong> Maria, 41 \u00e5r, efter n\u00e5gra \u00e5r i Dalarna har jag flyttat hem till Uppsala, <a href=\"http:\/\/hoppfull.nu\/index.php\/2013\/02\/28\/2556\/\" target=\"_blank\" rel=\"noopener\">operationssjuksk\u00f6terska<\/a>, katt\u00e4gare, envis, omt\u00e4nksam, <a href=\"http:\/\/sv.wikipedia.org\/wiki\/Arkeologi\">klassisk arkeolog<\/a>, tr\u00e4nar, springer, cyklar, \u00e5ker skidor, l\u00e4ser.<\/p>\n<p><strong>Om bloggandet:\u00a0<\/strong>Mina tankar, mina ord, mina \u00e5sikter. Har valt att vara ganska \u00f6ppen i mitt skrivande, men vissa saker h\u00e5ller jag tyst om. Jag b\u00f6rjade skriva dagbok p\u00e5 n\u00e4tet \u00e5r 2000, det hj\u00e4lpte mig genom en sv\u00e5r period i mitt liv och l\u00e4t mig komma i kontakt med andra i samma situation. \u00c5r 2005 gick jag \u00f6ver till WordPress vilket jag aldrig har \u00e5ngrat. Jag skriver just nu mest om tr\u00e4ning och min viktresa, men skriver om det mesta i mitt liv men inte lika ofta som f\u00f6rr i tiden.<\/p>\n<p><strong>Om barnl\u00f6sheten:\u00a0<\/strong>Jag har skrivit\u00a0en hel del om min barnl\u00f6shet h\u00e4r i bloggen. Barnl\u00f6sheten kommer alltid vara min st\u00f6rsta sorg, men det \u00e4r n\u00e5got jag l\u00e4rt mig leva med. Jag ville ha biologiska barn, men s\u00e5 blev det aldrig. N\u00e4r livet inte blir som man t\u00e4nkt f\u00e5r man g\u00f6ra n\u00e5got annat med det ist\u00e4llet. Inl\u00e4gg om barnl\u00f6sheten finns under en egen <a href=\"http:\/\/hoppfull.nu\/index.php\/category\/barnlosheten\/\">kategori<\/a> (och om el\u00e4ndet=bl\u00f6dandet finns under taggen <a href=\"http:\/\/hoppfull.nu\/index.php\/tag\/elandet\/\">el\u00e4ndet<\/a>).<\/p>\n<p><strong>Om Hoppfull.nu:\u00a0<\/strong>Registrerades i januari 2009 som ett resultat av att mina gamla dom\u00e4nnamn f\u00f6rknippades med f\u00f6r m\u00e5nga d\u00e5liga minnen. Allt det gamla \u00e4r nu utrensat, bortkastat &#8211; nu vill jag se fram\u00e5t, inte se tillbaka.<\/p>\n<div class=\"sharedaddy sd-sharing-enabled\"><div class=\"robots-nocontent sd-block sd-social sd-social-icon sd-sharing\"><h3 class=\"sd-title\">Dela:<\/h3><div class=\"sd-content\"><ul><li class=\"share-twitter\"><a rel=\"nofollow noopener noreferrer\" data-shared=\"sharing-twitter-2\" class=\"share-twitter sd-button share-icon no-text\" href=\"http:\/\/hoppfull.nu\/index.php\/om\/?share=twitter\" target=\"_blank\" title=\"Klicka f\u00f6r att dela p\u00e5 Twitter\"><span><\/span><span class=\"sharing-screen-reader-text\">Klicka f\u00f6r att dela p\u00e5 Twitter (\u00d6ppnas i ett nytt f\u00f6nster)<\/span><\/a><\/li><li class=\"share-print\"><a rel=\"nofollow noopener noreferrer\" data-shared=\"\" class=\"share-print sd-button share-icon no-text\" href=\"http:\/\/hoppfull.nu\/index.php\/om\/\" target=\"_blank\" title=\"Klicka f\u00f6r utskrift\"><span><\/span><span class=\"sharing-screen-reader-text\">Klicka f\u00f6r utskrift (\u00d6ppnas i ett nytt f\u00f6nster)<\/span><\/a><\/li><li class=\"share-pinterest\"><a rel=\"nofollow noopener noreferrer\" data-shared=\"sharing-pinterest-2\" class=\"share-pinterest sd-button share-icon no-text\" href=\"http:\/\/hoppfull.nu\/index.php\/om\/?share=pinterest\" target=\"_blank\" title=\"Klicka f\u00f6r att dela till Pinterest\"><span><\/span><span class=\"sharing-screen-reader-text\">Klicka f\u00f6r att dela till Pinterest (\u00d6ppnas i ett nytt f\u00f6nster)<\/span><\/a><\/li><li class=\"share-end\"><\/li><\/ul><\/div><\/div><\/div>","protected":false},"excerpt":{"rendered":"<p class=\"excerpt\">Korta fakta: Maria, 41 \u00e5r, efter n\u00e5gra \u00e5r i Dalarna har jag flyttat hem till Uppsala, operationssjuksk\u00f6terska, katt\u00e4gare, envis, omt\u00e4nksam, klassisk arkeolog, tr\u00e4nar, springer, cyklar, \u00e5ker skidor, l\u00e4ser. Om bloggandet:\u00a0Mina tankar, mina ord, mina \u00e5sikter. Har valt att vara ganska \u00f6ppen i mitt skrivande, men vissa saker h\u00e5ller jag tyst om. Jag b\u00f6rjade skriva dagbok p\u00e5 n\u00e4tet \u00e5r 2000, det&hellip; <a href=\"http:\/\/hoppfull.nu\/index.php\/om\/\">Read more &rarr;<\/a><\/p>\n<div class=\"sharedaddy sd-sharing-enabled\"><div class=\"robots-nocontent sd-block sd-social sd-social-icon sd-sharing\"><h3 class=\"sd-title\">Dela:<\/h3><div class=\"sd-content\"><ul><li class=\"share-twitter\"><a rel=\"nofollow noopener noreferrer\" data-shared=\"sharing-twitter-2\" class=\"share-twitter sd-button share-icon no-text\" href=\"http:\/\/hoppfull.nu\/index.php\/om\/?share=twitter\" target=\"_blank\" title=\"Klicka f\u00f6r att dela p\u00e5 Twitter\"><span><\/span><span class=\"sharing-screen-reader-text\">Klicka f\u00f6r att dela p\u00e5 Twitter (\u00d6ppnas i ett nytt f\u00f6nster)<\/span><\/a><\/li><li class=\"share-print\"><a rel=\"nofollow noopener noreferrer\" data-shared=\"\" class=\"share-print sd-button share-icon no-text\" href=\"http:\/\/hoppfull.nu\/index.php\/om\/\" target=\"_blank\" title=\"Klicka f\u00f6r utskrift\"><span><\/span><span class=\"sharing-screen-reader-text\">Klicka f\u00f6r utskrift (\u00d6ppnas i ett nytt f\u00f6nster)<\/span><\/a><\/li><li class=\"share-pinterest\"><a rel=\"nofollow noopener noreferrer\" data-shared=\"sharing-pinterest-2\" class=\"share-pinterest sd-button share-icon no-text\" href=\"http:\/\/hoppfull.nu\/index.php\/om\/?share=pinterest\" target=\"_blank\" title=\"Klicka f\u00f6r att dela till Pinterest\"><span><\/span><span class=\"sharing-screen-reader-text\">Klicka f\u00f6r att dela till Pinterest (\u00d6ppnas i ett nytt f\u00f6nster)<\/span><\/a><\/li><li class=\"share-end\"><\/li><\/ul><\/div><\/div><\/div>","protected":false},"author":1,"featured_media":0,"parent":0,"menu_order":0,"comment_status":"closed","ping_status":"open","template":"","meta":{"spay_email":""},"jetpack_sharing_enabled":true,"jetpack_shortlink":"https:\/\/wp.me\/P23rAr-2","jetpack-related-posts":[],"jetpack_likes_enabled":true,"_links":{"self":[{"href":"http:\/\/hoppfull.nu\/index.php\/wp-json\/wp\/v2\/pages\/2"}],"collection":[{"href":"http:\/\/hoppfull.nu\/index.php\/wp-json\/wp\/v2\/pages"}],"about":[{"href":"http:\/\/hoppfull.nu\/index.php\/wp-json\/wp\/v2\/types\/page"}],"author":[{"embeddable":true,"href":"http:\/\/hoppfull.nu\/index.php\/wp-json\/wp\/v2\/users\/1"}],"replies":[{"embeddable":true,"href":"http:\/\/hoppfull.nu\/index.php\/wp-json\/wp\/v2\/comments?post=2"}],"version-history":[{"count":62,"href":"http:\/\/hoppfull.nu\/index.php\/wp-json\/wp\/v2\/pages\/2\/revisions"}],"predecessor-version":[{"id":5112,"href":"http:\/\/hoppfull.nu\/index.php\/wp-json\/wp\/v2\/pages\/2\/revisions\/5112"}],"wp:attachment":[{"href":"http:\/\/hoppfull.nu\/index.php\/wp-json\/wp\/v2\/media?parent=2"}],"curies":[{"name":"wp","href":"https:\/\/api.w.org\/{rel}","templated":true}]}}